{"id":16267,"date":"2022-09-30T10:13:47","date_gmt":"2022-09-30T07:13:47","guid":{"rendered":"https:\/\/haka.ee\/?page_id=16267"},"modified":"2025-12-30T12:49:38","modified_gmt":"2025-12-30T10:49:38","slug":"general-education","status":"publish","type":"page","link":"https:\/\/haka.ee\/en\/general-education\/","title":{"rendered":"General education"},"content":{"rendered":"\n<p>In autumn 2022, the Minister for Education and Research tasked the Estonian Quality Agency for Education (HAKA) with developing a quality assessment system for general education.<\/p>\n\n\n<div class=\"wp-block-image\">\n<figure class=\"alignright size-full is-resized\"><img loading=\"lazy\" decoding=\"async\" width=\"1022\" height=\"594\" src=\"https:\/\/haka.ee\/wp-content\/uploads\/Kaasrahastanud_EL_kaksiklogod_EST_hor_color_RGB-1.jpg\" alt=\"\" class=\"wp-image-15702\" style=\"width:346px;height:auto\" srcset=\"https:\/\/haka.ee\/wp-content\/uploads\/Kaasrahastanud_EL_kaksiklogod_EST_hor_color_RGB-1.jpg 1022w, https:\/\/haka.ee\/wp-content\/uploads\/Kaasrahastanud_EL_kaksiklogod_EST_hor_color_RGB-1-300x174.jpg 300w, https:\/\/haka.ee\/wp-content\/uploads\/Kaasrahastanud_EL_kaksiklogod_EST_hor_color_RGB-1-768x446.jpg 768w\" sizes=\"auto, (max-width: 1022px) 100vw, 1022px\" \/><\/figure>\n<\/div>\n\n\n<p>HAKA\u2019s mission is to empower educational institutions and their keepers in advancing the quality of learning and teaching, increasing evidence-based leadership capacity and supporting the development of each learner. Our aim is to develop a quality assessment system that is reliable, supports the educational institutions and ensures that every Estonian pupil has access to high-quality general education.<\/p>\n\n\n\n<p>To promote evidence-based and learner-friendly quality management in general education, we will focus on three major objectives in 2022-2029.<\/p>\n\n\n    <div class=\"evaluation-blocks\">\n        <div class=\"evaluation-blocks__container\">\n                                <div class=\"evaluation-blocks__item\">\n                        <div class=\"evaluation-blocks__item-container\">\n                                                            <div class=\"item-title item-title--arrow\">\n                                    <i class=\"icon-ekka-arrow-right\" role=\"presentation\"><\/i>\n                                    <h2>Developing a quality system for general education<\/h2>\n                                <\/div>\n                                                                                        <div  class=\"evaluation-blocks__item-desc\">\n                                    <p>HAKA will develop a comprehensive solution for the quality assessment system for general education, including quality criteria for schools and the quality assessment model. The model will be tested and improved. In addition, we provide trainings and organise development seminars and prepare instructional materials aimed at increasing self-reflection capabilities for educational institutions.<\/p>\n                                <\/div>\n                                                                                <\/div>\n                    <\/div>\n                                    <div class=\"evaluation-blocks__item\">\n                        <div class=\"evaluation-blocks__item-container\">\n                                                            <div class=\"item-title item-title--arrow\">\n                                    <i class=\"icon-ekka-arrow-right\" role=\"presentation\"><\/i>\n                                    <h2>Supporting the development of educational institutions<\/h2>\n                                <\/div>\n                                                                                        <div  class=\"evaluation-blocks__item-desc\">\n                                    <p>Our partners The University of Tartu and Tallinn University develop and implement development programmes to support evidence-based quality management and student-centred and collaborative development of educational institutions.<\/p>\n                                <\/div>\n                                                                                <\/div>\n                    <\/div>\n                                    <div class=\"evaluation-blocks__item\">\n                        <div class=\"evaluation-blocks__item-container\">\n                                                            <div class=\"item-title item-title--arrow\">\n                                    <i class=\"icon-ekka-arrow-right\" role=\"presentation\"><\/i>\n                                    <h2>Developing a digital solution to support evidence-based school management<\/h2>\n                                <\/div>\n                                                                                        <div  class=\"evaluation-blocks__item-desc\">\n                                    <p>Under the leadership of the Ministry of Education and Research, we shall develop a digital dashboard for both school leaders and school owners. The digital solution supports evidence-based management practice and the self-reflection capability of schools.<\/p>\n<p>We shall involve good partners from universities and sectoral organisations, as well as practitioners and other experts in the field of general education.<\/p>\n                                <\/div>\n                                                                                <\/div>\n                    <\/div>\n                        <\/div>\n    <\/div>\n\n\n\n<p>&nbsp;<a href=\"https:\/\/haka.ee\/wp-content\/uploads\/TAT_final.pdf\">\u201cT\u00f5endusp\u00f5hise ja \u00f5ppija arengut toetava kvaliteedijuhtimise edendamine \u00fcldhariduses\u201d<\/a><\/p>\n\n\n\n<hr class=\"wp-block-separator has-alpha-channel-opacity\"\/>\n\n\n\n<p><em>2022-2029 is implemented within the<\/em> <em>framework of activities \u201cPromoting evidence based general education quality management that supports the development of learners\u201d and with the support of the European Union and the Ministry of Education and Research.<\/em><\/p>\n","protected":false},"excerpt":{"rendered":"<p>In autumn 2022, the Minister for Education and Research tasked the Estonian Quality Agency for Education (HAKA) with developing a quality assessment system for general education. HAKA\u2019s mission is to empower educational institutions and their keepers in advancing the quality of learning and teaching, increasing evidence-based leadership capacity and supporting the development of each learner.&hellip;<\/p>\n","protected":false},"author":16,"featured_media":0,"parent":0,"menu_order":0,"comment_status":"closed","ping_status":"closed","template":"","meta":{"_acf_changed":false,"ngg_post_thumbnail":0,"footnotes":""},"class_list":["post-16267","page","type-page","status-publish","hentry"],"acf":[],"yoast_head":"<!-- This site is optimized with the Yoast SEO plugin v26.0 - https:\/\/yoast.com\/wordpress\/plugins\/seo\/ -->\n<title>General education - HAKA<\/title>\n<meta name=\"description\" content=\"general education quality, primary eduation, post-primary education, inspection, criteria, school data\" \/>\n<meta name=\"robots\" content=\"index, follow, max-snippet:-1, max-image-preview:large, max-video-preview:-1\" \/>\n<link rel=\"canonical\" href=\"https:\/\/haka.ee\/en\/general-education\/\" \/>\n<meta property=\"og:locale\" content=\"en_US\" \/>\n<meta property=\"og:type\" content=\"article\" \/>\n<meta property=\"og:title\" content=\"General education - HAKA\" \/>\n<meta property=\"og:description\" content=\"general education quality, primary eduation, post-primary education, inspection, criteria, school data\" \/>\n<meta property=\"og:url\" content=\"https:\/\/haka.ee\/en\/general-education\/\" \/>\n<meta property=\"og:site_name\" content=\"HAKA\" \/>\n<meta property=\"article:publisher\" content=\"https:\/\/www.facebook.com\/kvaliteediagentuur\" \/>\n<meta property=\"article:modified_time\" content=\"2025-12-30T10:49:38+00:00\" \/>\n<meta property=\"og:image\" content=\"https:\/\/haka.ee\/wp-content\/uploads\/Kaasrahastanud_EL_kaksiklogod_EST_hor_color_RGB-1.jpg\" \/>\n\t<meta property=\"og:image:width\" content=\"1022\" \/>\n\t<meta property=\"og:image:height\" content=\"594\" \/>\n\t<meta property=\"og:image:type\" content=\"image\/jpeg\" \/>\n<meta name=\"twitter:label1\" content=\"Est. reading time\" \/>\n\t<meta name=\"twitter:data1\" content=\"1 minute\" \/>\n<script type=\"application\/ld+json\" class=\"yoast-schema-graph\">{\"@context\":\"https:\/\/schema.org\",\"@graph\":[{\"@type\":\"WebPage\",\"@id\":\"https:\/\/haka.ee\/en\/general-education\/\",\"url\":\"https:\/\/haka.ee\/en\/general-education\/\",\"name\":\"General education - HAKA\",\"isPartOf\":{\"@id\":\"https:\/\/haka.ee\/#website\"},\"primaryImageOfPage\":{\"@id\":\"https:\/\/haka.ee\/en\/general-education\/#primaryimage\"},\"image\":{\"@id\":\"https:\/\/haka.ee\/en\/general-education\/#primaryimage\"},\"thumbnailUrl\":\"https:\/\/haka.ee\/wp-content\/uploads\/Kaasrahastanud_EL_kaksiklogod_EST_hor_color_RGB-1.jpg\",\"datePublished\":\"2022-09-30T07:13:47+00:00\",\"dateModified\":\"2025-12-30T10:49:38+00:00\",\"description\":\"general education quality, primary eduation, post-primary education, inspection, criteria, school data\",\"breadcrumb\":{\"@id\":\"https:\/\/haka.ee\/en\/general-education\/#breadcrumb\"},\"inLanguage\":\"en-US\",\"potentialAction\":[{\"@type\":\"ReadAction\",\"target\":[\"https:\/\/haka.ee\/en\/general-education\/\"]}]},{\"@type\":\"ImageObject\",\"inLanguage\":\"en-US\",\"@id\":\"https:\/\/haka.ee\/en\/general-education\/#primaryimage\",\"url\":\"https:\/\/haka.ee\/wp-content\/uploads\/Kaasrahastanud_EL_kaksiklogod_EST_hor_color_RGB-1.jpg\",\"contentUrl\":\"https:\/\/haka.ee\/wp-content\/uploads\/Kaasrahastanud_EL_kaksiklogod_EST_hor_color_RGB-1.jpg\"},{\"@type\":\"BreadcrumbList\",\"@id\":\"https:\/\/haka.ee\/en\/general-education\/#breadcrumb\",\"itemListElement\":[{\"@type\":\"ListItem\",\"position\":1,\"name\":\"Home\",\"item\":\"https:\/\/haka.ee\/en\/\"},{\"@type\":\"ListItem\",\"position\":2,\"name\":\"General education\"}]},{\"@type\":\"WebSite\",\"@id\":\"https:\/\/haka.ee\/#website\",\"url\":\"https:\/\/haka.ee\/\",\"name\":\"HAKA\",\"description\":\"Estonian Quality Agency for Higher and Vocational Education\",\"publisher\":{\"@id\":\"https:\/\/haka.ee\/#organization\"},\"potentialAction\":[{\"@type\":\"SearchAction\",\"target\":{\"@type\":\"EntryPoint\",\"urlTemplate\":\"https:\/\/haka.ee\/?s={search_term_string}\"},\"query-input\":{\"@type\":\"PropertyValueSpecification\",\"valueRequired\":true,\"valueName\":\"search_term_string\"}}],\"inLanguage\":\"en-US\"},{\"@type\":\"Organization\",\"@id\":\"https:\/\/haka.ee\/#organization\",\"name\":\"Estonian Quality Agency for Education\",\"url\":\"https:\/\/haka.ee\/\",\"logo\":{\"@type\":\"ImageObject\",\"inLanguage\":\"en-US\",\"@id\":\"https:\/\/haka.ee\/#\/schema\/logo\/image\/\",\"url\":\"https:\/\/ekka.edu.ee\/wp-content\/uploads\/ekkalogo3.png\",\"contentUrl\":\"https:\/\/ekka.edu.ee\/wp-content\/uploads\/ekkalogo3.png\",\"width\":1917,\"height\":1677,\"caption\":\"Estonian Quality Agency for Education\"},\"image\":{\"@id\":\"https:\/\/haka.ee\/#\/schema\/logo\/image\/\"},\"sameAs\":[\"https:\/\/www.facebook.com\/kvaliteediagentuur\",\"https:\/\/www.linkedin.com\/company\/haka1\"]}]}<\/script>\n<!-- \/ Yoast SEO plugin. -->","yoast_head_json":{"title":"General education - HAKA","description":"general education quality, primary eduation, post-primary education, inspection, criteria, school data","robots":{"index":"index","follow":"follow","max-snippet":"max-snippet:-1","max-image-preview":"max-image-preview:large","max-video-preview":"max-video-preview:-1"},"canonical":"https:\/\/haka.ee\/en\/general-education\/","og_locale":"en_US","og_type":"article","og_title":"General education - HAKA","og_description":"general education quality, primary eduation, post-primary education, inspection, criteria, school data","og_url":"https:\/\/haka.ee\/en\/general-education\/","og_site_name":"HAKA","article_publisher":"https:\/\/www.facebook.com\/kvaliteediagentuur","article_modified_time":"2025-12-30T10:49:38+00:00","og_image":[{"width":1022,"height":594,"url":"https:\/\/haka.ee\/wp-content\/uploads\/Kaasrahastanud_EL_kaksiklogod_EST_hor_color_RGB-1.jpg","type":"image\/jpeg"}],"twitter_misc":{"Est. reading time":"1 minute"},"schema":{"@context":"https:\/\/schema.org","@graph":[{"@type":"WebPage","@id":"https:\/\/haka.ee\/en\/general-education\/","url":"https:\/\/haka.ee\/en\/general-education\/","name":"General education - HAKA","isPartOf":{"@id":"https:\/\/haka.ee\/#website"},"primaryImageOfPage":{"@id":"https:\/\/haka.ee\/en\/general-education\/#primaryimage"},"image":{"@id":"https:\/\/haka.ee\/en\/general-education\/#primaryimage"},"thumbnailUrl":"https:\/\/haka.ee\/wp-content\/uploads\/Kaasrahastanud_EL_kaksiklogod_EST_hor_color_RGB-1.jpg","datePublished":"2022-09-30T07:13:47+00:00","dateModified":"2025-12-30T10:49:38+00:00","description":"general education quality, primary eduation, post-primary education, inspection, criteria, school data","breadcrumb":{"@id":"https:\/\/haka.ee\/en\/general-education\/#breadcrumb"},"inLanguage":"en-US","potentialAction":[{"@type":"ReadAction","target":["https:\/\/haka.ee\/en\/general-education\/"]}]},{"@type":"ImageObject","inLanguage":"en-US","@id":"https:\/\/haka.ee\/en\/general-education\/#primaryimage","url":"https:\/\/haka.ee\/wp-content\/uploads\/Kaasrahastanud_EL_kaksiklogod_EST_hor_color_RGB-1.jpg","contentUrl":"https:\/\/haka.ee\/wp-content\/uploads\/Kaasrahastanud_EL_kaksiklogod_EST_hor_color_RGB-1.jpg"},{"@type":"BreadcrumbList","@id":"https:\/\/haka.ee\/en\/general-education\/#breadcrumb","itemListElement":[{"@type":"ListItem","position":1,"name":"Home","item":"https:\/\/haka.ee\/en\/"},{"@type":"ListItem","position":2,"name":"General education"}]},{"@type":"WebSite","@id":"https:\/\/haka.ee\/#website","url":"https:\/\/haka.ee\/","name":"HAKA","description":"Estonian Quality Agency for Higher and Vocational Education","publisher":{"@id":"https:\/\/haka.ee\/#organization"},"potentialAction":[{"@type":"SearchAction","target":{"@type":"EntryPoint","urlTemplate":"https:\/\/haka.ee\/?s={search_term_string}"},"query-input":{"@type":"PropertyValueSpecification","valueRequired":true,"valueName":"search_term_string"}}],"inLanguage":"en-US"},{"@type":"Organization","@id":"https:\/\/haka.ee\/#organization","name":"Estonian Quality Agency for Education","url":"https:\/\/haka.ee\/","logo":{"@type":"ImageObject","inLanguage":"en-US","@id":"https:\/\/haka.ee\/#\/schema\/logo\/image\/","url":"https:\/\/ekka.edu.ee\/wp-content\/uploads\/ekkalogo3.png","contentUrl":"https:\/\/ekka.edu.ee\/wp-content\/uploads\/ekkalogo3.png","width":1917,"height":1677,"caption":"Estonian Quality Agency for Education"},"image":{"@id":"https:\/\/haka.ee\/#\/schema\/logo\/image\/"},"sameAs":["https:\/\/www.facebook.com\/kvaliteediagentuur","https:\/\/www.linkedin.com\/company\/haka1"]}]}},"_links":{"self":[{"href":"https:\/\/haka.ee\/en\/wp-json\/wp\/v2\/pages\/16267","targetHints":{"allow":["GET"]}}],"collection":[{"href":"https:\/\/haka.ee\/en\/wp-json\/wp\/v2\/pages"}],"about":[{"href":"https:\/\/haka.ee\/en\/wp-json\/wp\/v2\/types\/page"}],"author":[{"embeddable":true,"href":"https:\/\/haka.ee\/en\/wp-json\/wp\/v2\/users\/16"}],"replies":[{"embeddable":true,"href":"https:\/\/haka.ee\/en\/wp-json\/wp\/v2\/comments?post=16267"}],"version-history":[{"count":6,"href":"https:\/\/haka.ee\/en\/wp-json\/wp\/v2\/pages\/16267\/revisions"}],"predecessor-version":[{"id":24301,"href":"https:\/\/haka.ee\/en\/wp-json\/wp\/v2\/pages\/16267\/revisions\/24301"}],"wp:attachment":[{"href":"https:\/\/haka.ee\/en\/wp-json\/wp\/v2\/media?parent=16267"}],"curies":[{"name":"wp","href":"https:\/\/api.w.org\/{rel}","templated":true}]}}