{"id":15622,"date":"2022-06-01T11:02:52","date_gmt":"2022-06-01T08:02:52","guid":{"rendered":"https:\/\/haka.ee\/oppekavaruhma-kvaliteedi-hindamine\/"},"modified":"2024-04-09T11:35:26","modified_gmt":"2024-04-09T08:35:26","slug":"qa-study-programme-groups","status":"publish","type":"page","link":"https:\/\/haka.ee\/en\/qa-study-programme-groups\/","title":{"rendered":"Quality assessment of study programme groups"},"content":{"rendered":"<div class=\"wp-block-image\">\n<figure class=\"alignright size-large is-resized\"><img loading=\"lazy\" decoding=\"async\" width=\"1024\" height=\"541\" src=\"https:\/\/ekka.edu.ee\/wp-content\/uploads\/el_sotsiaalfond_horisontaalne-1024x541.jpg\" alt=\"\" class=\"wp-image-7247\" style=\"width:255px;height:134px\" srcset=\"https:\/\/haka.ee\/wp-content\/uploads\/el_sotsiaalfond_horisontaalne-1024x541.jpg 1024w, https:\/\/haka.ee\/wp-content\/uploads\/el_sotsiaalfond_horisontaalne-300x158.jpg 300w, https:\/\/haka.ee\/wp-content\/uploads\/el_sotsiaalfond_horisontaalne-768x406.jpg 768w\" sizes=\"auto, (max-width: 1024px) 100vw, 1024px\" \/><\/figure>\n<\/div>\n\n\n<p>The aim of the quality assessment of study programme groups in continuing education is to evaluate the quality of study programmes and development thereof as well as the quality of instruction.<\/p>\n\n\n\n<p>During the assessment, the<strong> study programmes <\/strong>offered in a study programme group, the<strong> learning and teaching<\/strong> and<strong> development of learning and teaching<\/strong> are checked against:<\/p>\n\n\n\n<ul class=\"wp-block-list\">\n<li>the quality principles for continuing education laid down in the Adult Education Act and Standard of Continuing Education<\/li>\n\n\n\n<li>domestic and international standards and trends<\/li>\n\n\n\n<li>quality criteria developed for evaluation.<\/li>\n<\/ul>\n\n\n\n<p> The <strong>objective<\/strong> of quality assessment of study programme groups is to <strong>provide recommendations with a view of improving quality<\/strong> as well as to <strong>acknowledge high quality<\/strong>. A provider may receive the quality label as an outcome of the assessment.<\/p>\n\n\n\n<p>In 2022-2023 the study programme group assessments were carried out among the <a href=\"https:\/\/www.tootukassa.ee\/en\/services\/career-and-training\/training-card\">training voucher<\/a> partners of the Estonian Unemployment Insurance Fund. <\/p>\n\n\n\n<p><em>The assessments are financed through the European Social Fund and Estonian Unemployment Insurance Fund program 2014-2020.3.02.001.01.15-0001 &#8220;Proving labour market services to ensure better opportunities for emplotment&#8221; action 2.8 &#8220;Improving the quality of labour market training&#8221;.<\/em><\/p>\n","protected":false},"excerpt":{"rendered":"<p>The aim of the quality assessment of study programme groups in continuing education is to evaluate the quality of study programmes and development thereof as well as the quality of instruction. During the assessment, the study programmes offered in a study programme group, the learning and teaching and development of learning and teaching are checked&hellip;<\/p>\n","protected":false},"author":2,"featured_media":14596,"parent":0,"menu_order":0,"comment_status":"closed","ping_status":"closed","template":"","meta":{"_acf_changed":false,"ngg_post_thumbnail":0,"footnotes":""},"class_list":["post-15622","page","type-page","status-publish","has-post-thumbnail","hentry"],"acf":[],"yoast_head":"<!-- This site is optimized with the Yoast SEO plugin v26.0 - https:\/\/yoast.com\/wordpress\/plugins\/seo\/ -->\n<title>Quality assessment of study programme groups - HAKA<\/title>\n<meta name=\"description\" content=\"\u00d5ppekavar\u00fchma kvaliteedi hindamine on t\u00e4ienduskoolitusasutuse \u00f5ppekavade ning nende alusel toimuva \u00f5ppe ja arendustegevuse hindamine.\" \/>\n<meta name=\"robots\" content=\"index, follow, max-snippet:-1, max-image-preview:large, max-video-preview:-1\" \/>\n<link rel=\"canonical\" href=\"https:\/\/haka.ee\/en\/qa-study-programme-groups\/\" \/>\n<meta property=\"og:locale\" content=\"en_US\" \/>\n<meta property=\"og:type\" content=\"article\" \/>\n<meta property=\"og:title\" content=\"Quality assessment of study programme groups - HAKA\" \/>\n<meta property=\"og:description\" content=\"\u00d5ppekavar\u00fchma kvaliteedi hindamine on t\u00e4ienduskoolitusasutuse \u00f5ppekavade ning nende alusel toimuva \u00f5ppe ja arendustegevuse hindamine.\" \/>\n<meta property=\"og:url\" content=\"https:\/\/haka.ee\/en\/qa-study-programme-groups\/\" \/>\n<meta property=\"og:site_name\" content=\"HAKA\" \/>\n<meta property=\"article:publisher\" content=\"https:\/\/www.facebook.com\/kvaliteediagentuur\" \/>\n<meta property=\"article:modified_time\" content=\"2024-04-09T08:35:26+00:00\" \/>\n<meta property=\"og:image\" content=\"https:\/\/haka.ee\/wp-content\/uploads\/Taienduskoolituse-kvaliteedi-hindamine.png\" \/>\n\t<meta property=\"og:image:width\" content=\"874\" \/>\n\t<meta property=\"og:image:height\" content=\"620\" \/>\n\t<meta property=\"og:image:type\" content=\"image\/png\" \/>\n<meta name=\"twitter:label1\" content=\"Est. reading time\" \/>\n\t<meta name=\"twitter:data1\" content=\"1 minute\" \/>\n<script type=\"application\/ld+json\" class=\"yoast-schema-graph\">{\"@context\":\"https:\/\/schema.org\",\"@graph\":[{\"@type\":\"WebPage\",\"@id\":\"https:\/\/haka.ee\/en\/qa-study-programme-groups\/\",\"url\":\"https:\/\/haka.ee\/en\/qa-study-programme-groups\/\",\"name\":\"Quality assessment of study programme groups - HAKA\",\"isPartOf\":{\"@id\":\"https:\/\/haka.ee\/#website\"},\"primaryImageOfPage\":{\"@id\":\"https:\/\/haka.ee\/en\/qa-study-programme-groups\/#primaryimage\"},\"image\":{\"@id\":\"https:\/\/haka.ee\/en\/qa-study-programme-groups\/#primaryimage\"},\"thumbnailUrl\":\"https:\/\/haka.ee\/wp-content\/uploads\/Taienduskoolituse-kvaliteedi-hindamine.png\",\"datePublished\":\"2022-06-01T08:02:52+00:00\",\"dateModified\":\"2024-04-09T08:35:26+00:00\",\"description\":\"\u00d5ppekavar\u00fchma kvaliteedi hindamine on t\u00e4ienduskoolitusasutuse \u00f5ppekavade ning nende alusel toimuva \u00f5ppe ja arendustegevuse hindamine.\",\"breadcrumb\":{\"@id\":\"https:\/\/haka.ee\/en\/qa-study-programme-groups\/#breadcrumb\"},\"inLanguage\":\"en-US\",\"potentialAction\":[{\"@type\":\"ReadAction\",\"target\":[\"https:\/\/haka.ee\/en\/qa-study-programme-groups\/\"]}]},{\"@type\":\"ImageObject\",\"inLanguage\":\"en-US\",\"@id\":\"https:\/\/haka.ee\/en\/qa-study-programme-groups\/#primaryimage\",\"url\":\"https:\/\/haka.ee\/wp-content\/uploads\/Taienduskoolituse-kvaliteedi-hindamine.png\",\"contentUrl\":\"https:\/\/haka.ee\/wp-content\/uploads\/Taienduskoolituse-kvaliteedi-hindamine.png\",\"width\":874,\"height\":620,\"caption\":\"T\u00e4ienduskoolituse kvaliteedi hindamine\"},{\"@type\":\"BreadcrumbList\",\"@id\":\"https:\/\/haka.ee\/en\/qa-study-programme-groups\/#breadcrumb\",\"itemListElement\":[{\"@type\":\"ListItem\",\"position\":1,\"name\":\"Home\",\"item\":\"https:\/\/haka.ee\/en\/\"},{\"@type\":\"ListItem\",\"position\":2,\"name\":\"Quality assessment of study programme groups\"}]},{\"@type\":\"WebSite\",\"@id\":\"https:\/\/haka.ee\/#website\",\"url\":\"https:\/\/haka.ee\/\",\"name\":\"HAKA\",\"description\":\"Estonian Quality Agency for Higher and Vocational Education\",\"publisher\":{\"@id\":\"https:\/\/haka.ee\/#organization\"},\"potentialAction\":[{\"@type\":\"SearchAction\",\"target\":{\"@type\":\"EntryPoint\",\"urlTemplate\":\"https:\/\/haka.ee\/?s={search_term_string}\"},\"query-input\":{\"@type\":\"PropertyValueSpecification\",\"valueRequired\":true,\"valueName\":\"search_term_string\"}}],\"inLanguage\":\"en-US\"},{\"@type\":\"Organization\",\"@id\":\"https:\/\/haka.ee\/#organization\",\"name\":\"Estonian Quality Agency for Education\",\"url\":\"https:\/\/haka.ee\/\",\"logo\":{\"@type\":\"ImageObject\",\"inLanguage\":\"en-US\",\"@id\":\"https:\/\/haka.ee\/#\/schema\/logo\/image\/\",\"url\":\"https:\/\/ekka.edu.ee\/wp-content\/uploads\/ekkalogo3.png\",\"contentUrl\":\"https:\/\/ekka.edu.ee\/wp-content\/uploads\/ekkalogo3.png\",\"width\":1917,\"height\":1677,\"caption\":\"Estonian Quality Agency for Education\"},\"image\":{\"@id\":\"https:\/\/haka.ee\/#\/schema\/logo\/image\/\"},\"sameAs\":[\"https:\/\/www.facebook.com\/kvaliteediagentuur\",\"https:\/\/www.linkedin.com\/company\/haka1\"]}]}<\/script>\n<!-- \/ Yoast SEO plugin. -->","yoast_head_json":{"title":"Quality assessment of study programme groups - HAKA","description":"\u00d5ppekavar\u00fchma kvaliteedi hindamine on t\u00e4ienduskoolitusasutuse \u00f5ppekavade ning nende alusel toimuva \u00f5ppe ja arendustegevuse hindamine.","robots":{"index":"index","follow":"follow","max-snippet":"max-snippet:-1","max-image-preview":"max-image-preview:large","max-video-preview":"max-video-preview:-1"},"canonical":"https:\/\/haka.ee\/en\/qa-study-programme-groups\/","og_locale":"en_US","og_type":"article","og_title":"Quality assessment of study programme groups - HAKA","og_description":"\u00d5ppekavar\u00fchma kvaliteedi hindamine on t\u00e4ienduskoolitusasutuse \u00f5ppekavade ning nende alusel toimuva \u00f5ppe ja arendustegevuse hindamine.","og_url":"https:\/\/haka.ee\/en\/qa-study-programme-groups\/","og_site_name":"HAKA","article_publisher":"https:\/\/www.facebook.com\/kvaliteediagentuur","article_modified_time":"2024-04-09T08:35:26+00:00","og_image":[{"width":874,"height":620,"url":"https:\/\/haka.ee\/wp-content\/uploads\/Taienduskoolituse-kvaliteedi-hindamine.png","type":"image\/png"}],"twitter_misc":{"Est. reading time":"1 minute"},"schema":{"@context":"https:\/\/schema.org","@graph":[{"@type":"WebPage","@id":"https:\/\/haka.ee\/en\/qa-study-programme-groups\/","url":"https:\/\/haka.ee\/en\/qa-study-programme-groups\/","name":"Quality assessment of study programme groups - HAKA","isPartOf":{"@id":"https:\/\/haka.ee\/#website"},"primaryImageOfPage":{"@id":"https:\/\/haka.ee\/en\/qa-study-programme-groups\/#primaryimage"},"image":{"@id":"https:\/\/haka.ee\/en\/qa-study-programme-groups\/#primaryimage"},"thumbnailUrl":"https:\/\/haka.ee\/wp-content\/uploads\/Taienduskoolituse-kvaliteedi-hindamine.png","datePublished":"2022-06-01T08:02:52+00:00","dateModified":"2024-04-09T08:35:26+00:00","description":"\u00d5ppekavar\u00fchma kvaliteedi hindamine on t\u00e4ienduskoolitusasutuse \u00f5ppekavade ning nende alusel toimuva \u00f5ppe ja arendustegevuse hindamine.","breadcrumb":{"@id":"https:\/\/haka.ee\/en\/qa-study-programme-groups\/#breadcrumb"},"inLanguage":"en-US","potentialAction":[{"@type":"ReadAction","target":["https:\/\/haka.ee\/en\/qa-study-programme-groups\/"]}]},{"@type":"ImageObject","inLanguage":"en-US","@id":"https:\/\/haka.ee\/en\/qa-study-programme-groups\/#primaryimage","url":"https:\/\/haka.ee\/wp-content\/uploads\/Taienduskoolituse-kvaliteedi-hindamine.png","contentUrl":"https:\/\/haka.ee\/wp-content\/uploads\/Taienduskoolituse-kvaliteedi-hindamine.png","width":874,"height":620,"caption":"T\u00e4ienduskoolituse kvaliteedi hindamine"},{"@type":"BreadcrumbList","@id":"https:\/\/haka.ee\/en\/qa-study-programme-groups\/#breadcrumb","itemListElement":[{"@type":"ListItem","position":1,"name":"Home","item":"https:\/\/haka.ee\/en\/"},{"@type":"ListItem","position":2,"name":"Quality assessment of study programme groups"}]},{"@type":"WebSite","@id":"https:\/\/haka.ee\/#website","url":"https:\/\/haka.ee\/","name":"HAKA","description":"Estonian Quality Agency for Higher and Vocational Education","publisher":{"@id":"https:\/\/haka.ee\/#organization"},"potentialAction":[{"@type":"SearchAction","target":{"@type":"EntryPoint","urlTemplate":"https:\/\/haka.ee\/?s={search_term_string}"},"query-input":{"@type":"PropertyValueSpecification","valueRequired":true,"valueName":"search_term_string"}}],"inLanguage":"en-US"},{"@type":"Organization","@id":"https:\/\/haka.ee\/#organization","name":"Estonian Quality Agency for Education","url":"https:\/\/haka.ee\/","logo":{"@type":"ImageObject","inLanguage":"en-US","@id":"https:\/\/haka.ee\/#\/schema\/logo\/image\/","url":"https:\/\/ekka.edu.ee\/wp-content\/uploads\/ekkalogo3.png","contentUrl":"https:\/\/ekka.edu.ee\/wp-content\/uploads\/ekkalogo3.png","width":1917,"height":1677,"caption":"Estonian Quality Agency for Education"},"image":{"@id":"https:\/\/haka.ee\/#\/schema\/logo\/image\/"},"sameAs":["https:\/\/www.facebook.com\/kvaliteediagentuur","https:\/\/www.linkedin.com\/company\/haka1"]}]}},"_links":{"self":[{"href":"https:\/\/haka.ee\/en\/wp-json\/wp\/v2\/pages\/15622","targetHints":{"allow":["GET"]}}],"collection":[{"href":"https:\/\/haka.ee\/en\/wp-json\/wp\/v2\/pages"}],"about":[{"href":"https:\/\/haka.ee\/en\/wp-json\/wp\/v2\/types\/page"}],"author":[{"embeddable":true,"href":"https:\/\/haka.ee\/en\/wp-json\/wp\/v2\/users\/2"}],"replies":[{"embeddable":true,"href":"https:\/\/haka.ee\/en\/wp-json\/wp\/v2\/comments?post=15622"}],"version-history":[{"count":2,"href":"https:\/\/haka.ee\/en\/wp-json\/wp\/v2\/pages\/15622\/revisions"}],"predecessor-version":[{"id":20457,"href":"https:\/\/haka.ee\/en\/wp-json\/wp\/v2\/pages\/15622\/revisions\/20457"}],"wp:featuredmedia":[{"embeddable":true,"href":"https:\/\/haka.ee\/en\/wp-json\/wp\/v2\/media\/14596"}],"wp:attachment":[{"href":"https:\/\/haka.ee\/en\/wp-json\/wp\/v2\/media?parent=15622"}],"curies":[{"name":"wp","href":"https:\/\/api.w.org\/{rel}","templated":true}]}}